{"id":415,"date":"2023-03-28T12:35:05","date_gmt":"2023-03-28T10:35:05","guid":{"rendered":"http:\/\/bjdrukarnia.pl\/nowa2023\/?page_id=415"},"modified":"2023-03-28T12:43:21","modified_gmt":"2023-03-28T10:43:21","slug":"pliki-cookies","status":"publish","type":"page","link":"https:\/\/bjdrukarnia.pl\/index.php\/pliki-cookies\/","title":{"rendered":"Pliki Cookies"},"content":{"rendered":"<div id=\"tdi_1\" class=\"tdc-zone\"><div class=\"tdc_zone tdi_2  wpb_row td-pb-row\"  >\n<style scoped>\n\/* custom css - generated by TagDiv Composer *\/\n\n\/* custom css - generated by TagDiv Composer *\/\n.tdi_2{\r\n                    min-height: 0;\r\n                }\n<\/style><div id=\"tdi_3\" class=\"tdc-row stretch_row\"><div class=\"vc_row tdi_4  wpb_row td-pb-row\" >\n<style scoped>\n\/* custom css - generated by TagDiv Composer *\/\n\n\/* custom css - generated by TagDiv Composer *\/\n.tdi_4,\r\n                .tdi_4 .tdc-columns{\r\n                    min-height: 0;\r\n                }.tdi_4,\r\n\t\t\t\t.tdi_4 .tdc-columns{\r\n\t\t\t\t    display: block;\r\n\t\t\t\t}.tdi_4 .tdc-columns{\r\n\t\t\t\t    width: 100%;\r\n\t\t\t\t}.tdi_4:before,\r\n\t\t\t\t.tdi_4:after{\r\n\t\t\t\t    display: table;\r\n\t\t\t\t}\n\/* inline tdc_css att - generated by TagDiv Composer *\/\n\n.tdi_4{\nmargin-top:60px !important;\n}\n\n.tdi_4 .td_block_wrap{ text-align:left }\n\n\/* landscape *\/\n@media (min-width: 1019px) and (max-width: 1140px)\n{\n.tdi_4{\nmargin-top:40px !important;\n}\n}\n\n\/* portrait *\/\n@media (min-width: 768px) and (max-width: 1018px)\n{\n.tdi_4{\nmargin-top:20px !important;\n}\n}\n\n<\/style><div class=\"vc_column tdi_6  wpb_column vc_column_container tdc-column td-pb-span12\">\n<style scoped>\n\/* custom css - generated by TagDiv Composer *\/\n\n\/* custom css - generated by TagDiv Composer *\/\n.tdi_6{\r\n                    vertical-align: baseline;\r\n                }.tdi_6 > .wpb_wrapper,\r\n\t\t\t\t.tdi_6 > .wpb_wrapper > .tdc-elements{\r\n\t\t\t\t    display: block;\r\n\t\t\t\t}.tdi_6 > .wpb_wrapper > .tdc-elements{\r\n\t\t\t\t    width: 100%;\r\n\t\t\t\t}.tdi_6 > .wpb_wrapper > .vc_row_inner{\r\n\t\t\t\t    width: auto;\r\n\t\t\t\t}.tdi_6 > .wpb_wrapper{\r\n\t\t\t\t    width: auto;\r\n\t\t\t\t    height: auto;\r\n\t\t\t\t}\n<\/style><div class=\"wpb_wrapper\" ><div class=\"tdm_block td_block_wrap tdm_block_column_title tdi_7 tdm-content-horiz-center td-pb-border-top td_block_template_3\"  data-td-block-uid=\"tdi_7\" >\n<style>\n\n\/* inline tdc_css att - generated by TagDiv Composer *\/\n\n.tdi_7{\nmargin-bottom:50px !important;\n}\n\n\/* phone *\/\n@media (max-width: 767px)\n{\n.tdi_7{\nmargin-bottom:30px !important;\n}\n}\n\n\/* portrait *\/\n@media (min-width: 768px) and (max-width: 1018px)\n{\n.tdi_7{\nmargin-bottom:20px !important;\n}\n}\n\n<\/style>\n<style>\n\/* custom css - generated by TagDiv Composer *\/\n.tdm_block_column_title{\r\n                  margin-bottom: 0;\r\n                  display: inline-block;\r\n                  width: 100%;\r\n                }\n<\/style><div class=\"td-block-row\"><div class=\"td-block-span12 tdm-col\">\n<style>\n\/* custom css - generated by TagDiv Composer *\/\nbody .tdi_8 .tdm-title{\r\n\t\t\t\t\tcolor: #3a3a15;\r\n\t\t\t\t}.tdi_8 .tdm-title{\r\n\t\t\t\t\tfont-family:Titillium Web !important;\r\n\t\t\t\t}\n<\/style><div class=\"tds-title tds-title1 td-fix-index tdi_8 \"><h3 class=\"tdm-title tdm-title-bg\">PLIKI COOKIES I DANE EKSPLOATACYJNE<\/h3><\/div><\/div><\/div><\/div><\/div><\/div><\/div><\/div><div id=\"tdi_9\" class=\"tdc-row stretch_row\"><div class=\"vc_row tdi_10  wpb_row td-pb-row tdc-element-style tdc-row-content-vert-center\" >\n<style scoped>\n\/* custom css - generated by TagDiv Composer *\/\n\n\/* custom css - generated by TagDiv Composer *\/\n.tdi_10,\r\n                .tdi_10 .tdc-columns{\r\n                    min-height: 0;\r\n                }.tdi_10{\r\n\t\t\t\t\tposition: relative;\r\n\t\t\t\t}.tdi_10 .tdc-row-divider{\r\n                    overflow: hidden;\r\n                }.tdi_10 .tdc-row-divider-top .tdm-svg{\r\n\t\t\t\t\tfill: #fff;\r\n\t\t\t\t}.tdi_10 .tdc-row-divider-top .tdc-divider-space{\r\n\t\t\t\t\tbackground-color: #fff;\r\n\t\t\t\t\r\n\t\t\t\t\ttop: 100%;\r\n\t\t\t\t    height: 100px;\r\n\t\t\t\t}.tdi_10 .tdc-row-divider-top{\r\n\t\t\t\t    top: 100px;\r\n\t\t\t\t}.tdi_10,\r\n\t\t\t\t.tdi_10 .tdc-columns{\r\n\t\t\t\t    display: block;\r\n\t\t\t\t}.tdi_10 .tdc-columns{\r\n\t\t\t\t    width: 100%;\r\n\t\t\t\t}.tdi_10:before,\r\n\t\t\t\t.tdi_10:after{\r\n\t\t\t\t    display: table;\r\n\t\t\t\t}@media (min-width: 767px) {\r\n                    .tdi_10.tdc-row-content-vert-center,\r\n                    .tdi_10.tdc-row-content-vert-center .tdc-columns {\r\n                        display: flex;\r\n                        align-items: center;\r\n                        flex: 1;\r\n                    }\r\n                    .tdi_10.tdc-row-content-vert-bottom,\r\n                    .tdi_10.tdc-row-content-vert-bottom .tdc-columns {\r\n                        display: flex;\r\n                        align-items: flex-end;\r\n                        flex: 1;\r\n                    }\r\n                    .tdi_10.tdc-row-content-vert-center .td_block_wrap {\r\n                        vertical-align: middle;\r\n                    }\r\n                    .tdi_10.tdc-row-content-vert-bottom .td_block_wrap {\r\n                        vertical-align: bottom;\r\n                    }\r\n                }\n\/* inline tdc_css att - generated by TagDiv Composer *\/\n\n.tdi_10{\nposition:relative;\n}\n\n.tdi_10 .td_block_wrap{ text-align:left }\n\n\/* portrait *\/\n@media (min-width: 768px) and (max-width: 1018px)\n{\n.tdi_10{\npadding-left:10px !important;\n}\n}\n\n<\/style>\n<div class=\"tdi_9_rand_style td-element-style\" ><style>\n\/* custom css - generated by TagDiv Composer *\/\n\n.tdi_9_rand_style{\nbackground-color:#f3f8ff !important;\n}\n <\/style><\/div><div class=\"tdc-row-divider\"><div class=\"tdc-divider8 tdc-row-divider-top\"><div class=\"tdc-divider-space\"><\/div><svg class=\"tdm-svg\" xmlns=\"http:\/\/www.w3.org\/2000\/svg\" viewBox=\"0 0 2000 400\" preserveAspectRatio=\"none\">\r\n                                        <path d=\"M0,700V165.5c377.307,244.841,655.891-53.483,1028.62,8.677C1404.35,236.835,1508.11,549.106,2000,281V700H0Z\"\/>\r\n                                        <\/svg><\/div><\/div><div class=\"vc_column tdi_12  wpb_column vc_column_container tdc-column td-pb-span12\">\n<style scoped>\n\/* custom css - generated by TagDiv Composer *\/\n\n\/* custom css - generated by TagDiv Composer *\/\n.tdi_12{\r\n                    vertical-align: baseline;\r\n                }.tdi_12 > .wpb_wrapper,\r\n\t\t\t\t.tdi_12 > .wpb_wrapper > .tdc-elements{\r\n\t\t\t\t    display: block;\r\n\t\t\t\t}.tdi_12 > .wpb_wrapper > .tdc-elements{\r\n\t\t\t\t    width: 100%;\r\n\t\t\t\t}.tdi_12 > .wpb_wrapper > .vc_row_inner{\r\n\t\t\t\t    width: auto;\r\n\t\t\t\t}.tdi_12 > .wpb_wrapper{\r\n\t\t\t\t    width: auto;\r\n\t\t\t\t    height: auto;\r\n\t\t\t\t}\n\/* inline tdc_css att - generated by TagDiv Composer *\/\n\n.tdi_12{\npadding-right:60px !important;\n}\n\n\/* phone *\/\n@media (max-width: 767px)\n{\n.tdi_12{\npadding-right:0px !important;\n}\n}\n\n\/* portrait *\/\n@media (min-width: 768px) and (max-width: 1018px)\n{\n.tdi_12{\npadding-right:20px !important;\n}\n}\n\n\/* landscape *\/\n@media (min-width: 1019px) and (max-width: 1140px)\n{\n.tdi_12{\npadding-right:40px !important;\n}\n}\n\n<\/style><div class=\"wpb_wrapper\" ><div class=\"tdm_block td_block_wrap tdm_block_column_title tdi_13 tdm-content-horiz-left td-pb-border-top td_block_template_3\"  data-td-block-uid=\"tdi_13\" >\n<style>\n\n\/* inline tdc_css att - generated by TagDiv Composer *\/\n\n.tdi_13{\nmargin-top:-20px !important;\nmargin-bottom:20px !important;\n}\n\n<\/style><div class=\"td-block-row\"><div class=\"td-block-span12 tdm-col\">\n<style>\n\/* custom css - generated by TagDiv Composer *\/\nbody .tdi_14 .tdm-title{\r\n\t\t\t\t\tcolor: rgba(0,0,0,0.7);\r\n\t\t\t\t}\n<\/style><div class=\"tds-title tds-title1 td-fix-index tdi_14 \"><h3 class=\"tdm-title tdm-title-xxsm\">Pliki Cookies (ciasteczka) s\u0105 to niewielkie informacje tekstowe w postaci plik\u00f3w tekstowych, wysy\u0142ane przez serwer i zapisywane po stronie osoby odwiedzaj\u0105cej stron\u0119 Sklepu Internetowego (np. na dysku twardym komputera, laptopa, czy te\u017c na karcie pami\u0119ci smartfona \u2013 w zale\u017cno\u015bci z jakiego urz\u0105dzenia korzysta odwiedzaj\u0105cy nasz Sklep Internetowy). Szczeg\u00f3\u0142owe informacje dot. plik\u00f3w Cookies, a tak\u017ce histori\u0119 ich powstania mo\u017cna znale\u017a\u0107 m.in. tutaj: http:\/\/pl.wikipedia.org\/wiki\/Ciasteczko.<\/h3><\/div><\/div><\/div><\/div><div class=\"tdm_block td_block_wrap tdm_block_column_title tdi_15 tdm-content-horiz-left td-pb-border-top td_block_template_3\"  data-td-block-uid=\"tdi_15\" >\n<style>\n\n\/* inline tdc_css att - generated by TagDiv Composer *\/\n\n.tdi_15{\nmargin-top:-20px !important;\nmargin-bottom:20px !important;\n}\n\n<\/style><div class=\"td-block-row\"><div class=\"td-block-span12 tdm-col\">\n<style>\n\/* custom css - generated by TagDiv Composer *\/\nbody .tdi_16 .tdm-title{\r\n\t\t\t\t\tcolor: rgba(0,0,0,0.7);\r\n\t\t\t\t}\n<\/style><div class=\"tds-title tds-title1 td-fix-index tdi_16 \"><h3 class=\"tdm-title tdm-title-xxsm\">Administrator mo\u017ce przetwarza\u0107 dane zawarte w plikach Cookies podczas korzystania przez odwiedzaj\u0105cych ze strony Sklepu Internetowego w nast\u0119puj\u0105cych celach:<\/h3><\/div><\/div><\/div><\/div><div class=\"tdm_block td_block_wrap tdm_block_column_title tdi_17 tdm-content-horiz-left td-pb-border-top td_block_template_3\"  data-td-block-uid=\"tdi_17\" >\n<style>\n\n\/* inline tdc_css att - generated by TagDiv Composer *\/\n\n.tdi_17{\nmargin-top:-20px !important;\nmargin-bottom:20px !important;\n}\n\n<\/style><div class=\"td-block-row\"><div class=\"td-block-span12 tdm-col\">\n<style>\n\/* custom css - generated by TagDiv Composer *\/\nbody .tdi_18 .tdm-title{\r\n\t\t\t\t\tcolor: rgba(0,0,0,0.7);\r\n\t\t\t\t}\n<\/style><div class=\"tds-title tds-title1 td-fix-index tdi_18 \"><h3 class=\"tdm-title tdm-title-xxsm\">zapami\u0119tywania Produkt\u00f3w dodanych do koszyka w celu z\u0142o\u017cenia Zam\u00f3wienia;\nzapami\u0119tywania danych z wype\u0142nianych Formularzy Zam\u00f3wienia, ankiet;\ndostosowywania zawarto\u015bci strony Sklepu Internetowego do indywidualnych preferencji Us\u0142ugobiorcy (np. dotycz\u0105cych kolor\u00f3w, rozmiaru czcionki, uk\u0142adu strony) oraz optymalizacji korzystania ze stron Sklepu Internetowego;\nprowadzenia anonimowych statystyk przedstawiaj\u0105cych spos\u00f3b korzystania ze strony Sklepu Internetowego.<\/h3><\/div><\/div><\/div><\/div><div class=\"tdm_block td_block_wrap tdm_block_column_title tdi_19 tdm-content-horiz-left td-pb-border-top td_block_template_3\"  data-td-block-uid=\"tdi_19\" >\n<style>\n\n\/* inline tdc_css att - generated by TagDiv Composer *\/\n\n.tdi_19{\nmargin-top:-20px !important;\nmargin-bottom:20px !important;\n}\n\n<\/style><div class=\"td-block-row\"><div class=\"td-block-span12 tdm-col\">\n<style>\n\/* custom css - generated by TagDiv Composer *\/\nbody .tdi_20 .tdm-title{\r\n\t\t\t\t\tcolor: rgba(0,0,0,0.7);\r\n\t\t\t\t}\n<\/style><div class=\"tds-title tds-title1 td-fix-index tdi_20 \"><h3 class=\"tdm-title tdm-title-xxsm\">Na stronie internetowej wykorzystujemy pliki cookies Google do mapy jaka jest wy\u015bwietlana na stronie kontakt.<\/h3><\/div><\/div><\/div><\/div><div class=\"tdm_block td_block_wrap tdm_block_column_title tdi_21 tdm-content-horiz-left td-pb-border-top td_block_template_3\"  data-td-block-uid=\"tdi_21\" >\n<style>\n\n\/* inline tdc_css att - generated by TagDiv Composer *\/\n\n.tdi_21{\nmargin-top:-20px !important;\nmargin-bottom:20px !important;\n}\n\n<\/style><div class=\"td-block-row\"><div class=\"td-block-span12 tdm-col\">\n<style>\n\/* custom css - generated by TagDiv Composer *\/\nbody .tdi_22 .tdm-title{\r\n\t\t\t\t\tcolor: rgba(0,0,0,0.7);\r\n\t\t\t\t}\n<\/style><div class=\"tds-title tds-title1 td-fix-index tdi_22 \"><h3 class=\"tdm-title tdm-title-xxsm\">Standardowo wi\u0119kszo\u015b\u0107 przegl\u0105darek internetowych dost\u0119pnych na rynku domy\u015blnie akceptuje zapisywanie plik\u00f3w Cookies. Ka\u017cdy ma mo\u017cliwo\u015b\u0107 okre\u015blenia warunk\u00f3w korzystania z plik\u00f3w Cookies za pomoc\u0105 ustawie\u0144 w\u0142asnej przegl\u0105darki internetowej. Oznacza to, \u017ce mo\u017cna np. cz\u0119\u015bciowo ograniczy\u0107 (np. czasowo) lub ca\u0142kowicie wy\u0142\u0105czy\u0107 mo\u017cliwo\u015b\u0107 zapisywania plik\u00f3w Cookies \u2013 w tym ostatnim wypadku jednak mo\u017ce to mie\u0107 wp\u0142yw na niekt\u00f3re funkcjonalno\u015bci Sklepu Internetowego (przyk\u0142adowo niemo\u017cliwym mo\u017ce okaza\u0107 si\u0119 przej\u015bcie \u015bcie\u017cki Zam\u00f3wienia poprzez Formularz Zam\u00f3wienia z uwagi na niezapami\u0119tywanie Produkt\u00f3w w koszyku podczas kolejnych krok\u00f3w sk\u0142adania Zam\u00f3wienia).<\/h3><\/div><\/div><\/div><\/div><div class=\"tdm_block td_block_wrap tdm_block_column_title tdi_23 tdm-content-horiz-left td-pb-border-top td_block_template_3\"  data-td-block-uid=\"tdi_23\" >\n<style>\n\n\/* inline tdc_css att - generated by TagDiv Composer *\/\n\n.tdi_23{\nmargin-top:-20px !important;\nmargin-bottom:20px !important;\n}\n\n<\/style><div class=\"td-block-row\"><div class=\"td-block-span12 tdm-col\">\n<style>\n\/* custom css - generated by TagDiv Composer *\/\nbody .tdi_24 .tdm-title{\r\n\t\t\t\t\tcolor: rgba(0,0,0,0.7);\r\n\t\t\t\t}\n<\/style><div class=\"tds-title tds-title1 td-fix-index tdi_24 \"><h3 class=\"tdm-title tdm-title-xxsm\">Ustawienia przegl\u0105darki internetowej w zakresie plik\u00f3w Cookies s\u0105 istotne z punktu widzenia zgody na korzystanie z plik\u00f3w Cookies przez nasz Sklep Internetowy \u2013 zgodnie z przepisami taka zgoda mo\u017ce by\u0107 r\u00f3wnie\u017c wyra\u017cona poprzez ustawienia przegl\u0105darki internetowej. W braku wyra\u017cenia takiej zgody nale\u017cy odpowiednio zmieni\u0107 ustawienia przegl\u0105darki internetowej w zakresie plik\u00f3w Cookies.<\/h3><\/div><\/div><\/div><\/div><div class=\"tdm_block td_block_wrap tdm_block_column_title tdi_25 tdm-content-horiz-left td-pb-border-top td_block_template_3\"  data-td-block-uid=\"tdi_25\" >\n<style>\n\n\/* inline tdc_css att - generated by TagDiv Composer *\/\n\n.tdi_25{\nmargin-top:-20px !important;\nmargin-bottom:20px !important;\n}\n\n<\/style><div class=\"td-block-row\"><div class=\"td-block-span12 tdm-col\">\n<style>\n\/* custom css - generated by TagDiv Composer *\/\nbody .tdi_26 .tdm-title{\r\n\t\t\t\t\tcolor: rgba(0,0,0,0.7);\r\n\t\t\t\t}\n<\/style><div class=\"tds-title tds-title1 td-fix-index tdi_26 \"><h3 class=\"tdm-title tdm-title-xxsm\"><a href=\"http:\/\/support.google.com\/chrome\/bin\/answer.py?hl=pl&amp;answer=95647\">w przegl\u0105darce Chrome<\/a><br>\n\n<a href=\"http:\/\/support.mozilla.org\/pl\/kb\/W%C5%82%C4%85czanie%20i%20wy%C5%82%C4%85czanie%20obs%C5%82ugi%20ciasteczek\">w przegl\u0105darce Firefox<\/a><br>\n\n<a href=\"http:\/\/windows.microsoft.com\/pl-pl\/windows7\/block-enable-or-allow-cookies\">w prz\u0119gl\u0105darce Internet Explorer<\/a><br>\n\n<a href=\"http:\/\/help.opera.com\/Windows\/12.10\/pl\/cookies.html\">w przegl\u0105darce Opera<\/a><br>\n\n<a href=\"http:\/\/support.apple.com\/kb\/PH5042\">w przegl\u0105darce Safari<\/a><\/h3><\/div><\/div><\/div><\/div><div class=\"tdm_block td_block_wrap tdm_block_column_title tdi_27 tdm-content-horiz-left td-pb-border-top td_block_template_3\"  data-td-block-uid=\"tdi_27\" >\n<style>\n\n\/* inline tdc_css att - generated by TagDiv Composer *\/\n\n.tdi_27{\nmargin-top:-20px !important;\nmargin-bottom:20px !important;\n}\n\n<\/style><div class=\"td-block-row\"><div class=\"td-block-span12 tdm-col\">\n<style>\n\/* custom css - generated by TagDiv Composer *\/\nbody .tdi_28 .tdm-title{\r\n\t\t\t\t\tcolor: rgba(0,0,0,0.7);\r\n\t\t\t\t}\n<\/style><div class=\"tds-title tds-title1 td-fix-index tdi_28 \"><h3 class=\"tdm-title tdm-title-xxsm\">Szczeg\u00f3\u0142owe informacje na temat zmiany ustawie\u0144 dotycz\u0105cych plik\u00f3w Cookies oraz ich samodzielnego usuwania w najpopularniejszych przegl\u0105darkach internetowych dost\u0119pne s\u0105 w dziale pomocy przegl\u0105darki internetowej oraz na poni\u017cszych stronach (wystarczy klikn\u0105\u0107 w dany link):<\/h3><\/div><\/div><\/div><\/div><div class=\"tdm_block td_block_wrap tdm_block_column_title tdi_29 tdm-content-horiz-left td-pb-border-top td_block_template_3\"  data-td-block-uid=\"tdi_29\" >\n<style>\n\n\/* inline tdc_css att - generated by TagDiv Composer *\/\n\n.tdi_29{\nmargin-top:-20px !important;\nmargin-bottom:20px !important;\n}\n\n<\/style><div class=\"td-block-row\"><div class=\"td-block-span12 tdm-col\">\n<style>\n\/* custom css - generated by TagDiv Composer *\/\nbody .tdi_30 .tdm-title{\r\n\t\t\t\t\tcolor: rgba(0,0,0,0.7);\r\n\t\t\t\t}\n<\/style><div class=\"tds-title tds-title1 td-fix-index tdi_30 \"><h3 class=\"tdm-title tdm-title-xxsm\">Administrator przetwarza r\u00f3wnie\u017c zanonimizowane dane eksploatacyjne zwi\u0105zane z korzystaniem ze Sklepu Internetowego (adres IP, domena) do generowania statystyk pomocnych w administrowaniu Sklepem Internetowym. Dane te maj\u0105 charakter zbiorczy i anonimowy, tj. nie zawieraj\u0105 cech identyfikuj\u0105cych osoby odwiedzaj\u0105ce stron\u0119 Sklepu Internetowego. Dane te nie s\u0105 ujawniane osobom trzecim.<\/h3><\/div><\/div><\/div><\/div><\/div><\/div><\/div><\/div><\/div><\/div>","protected":false},"excerpt":{"rendered":"","protected":false},"author":1,"featured_media":0,"parent":0,"menu_order":0,"comment_status":"closed","ping_status":"closed","template":"","meta":{"footnotes":""},"class_list":["post-415","page","type-page","status-publish"],"_links":{"self":[{"href":"https:\/\/bjdrukarnia.pl\/index.php\/wp-json\/wp\/v2\/pages\/415","targetHints":{"allow":["GET"]}}],"collection":[{"href":"https:\/\/bjdrukarnia.pl\/index.php\/wp-json\/wp\/v2\/pages"}],"about":[{"href":"https:\/\/bjdrukarnia.pl\/index.php\/wp-json\/wp\/v2\/types\/page"}],"author":[{"embeddable":true,"href":"https:\/\/bjdrukarnia.pl\/index.php\/wp-json\/wp\/v2\/users\/1"}],"replies":[{"embeddable":true,"href":"https:\/\/bjdrukarnia.pl\/index.php\/wp-json\/wp\/v2\/comments?post=415"}],"version-history":[{"count":3,"href":"https:\/\/bjdrukarnia.pl\/index.php\/wp-json\/wp\/v2\/pages\/415\/revisions"}],"predecessor-version":[{"id":418,"href":"https:\/\/bjdrukarnia.pl\/index.php\/wp-json\/wp\/v2\/pages\/415\/revisions\/418"}],"wp:attachment":[{"href":"https:\/\/bjdrukarnia.pl\/index.php\/wp-json\/wp\/v2\/media?parent=415"}],"curies":[{"name":"wp","href":"https:\/\/api.w.org\/{rel}","templated":true}]}}